{"id":15,"date":"2025-03-09T02:07:43","date_gmt":"2025-03-09T02:07:43","guid":{"rendered":"https:\/\/quiz.potegasnu.pl\/blog\/?page_id=15"},"modified":"2025-03-09T02:07:43","modified_gmt":"2025-03-09T02:07:43","slug":"sprawdz-swoja-wiedze-o-snie","status":"publish","type":"page","link":"https:\/\/quiz.potegasnu.pl\/blog\/sprawdz-swoja-wiedze-o-snie\/","title":{"rendered":"Sprawd\u017a swoj\u0105 wiedz\u0119 o \u015bnie"},"content":{"rendered":"","protected":false},"excerpt":{"rendered":"","protected":false},"author":1,"featured_media":0,"parent":0,"menu_order":0,"comment_status":"closed","ping_status":"closed","template":"quiz-page-template.php","meta":{"footnotes":""},"class_list":["post-15","page","type-page","status-publish","hentry"],"_links":{"self":[{"href":"https:\/\/quiz.potegasnu.pl\/blog\/wp-json\/wp\/v2\/pages\/15","targetHints":{"allow":["GET"]}}],"collection":[{"href":"https:\/\/quiz.potegasnu.pl\/blog\/wp-json\/wp\/v2\/pages"}],"about":[{"href":"https:\/\/quiz.potegasnu.pl\/blog\/wp-json\/wp\/v2\/types\/page"}],"author":[{"embeddable":true,"href":"https:\/\/quiz.potegasnu.pl\/blog\/wp-json\/wp\/v2\/users\/1"}],"replies":[{"embeddable":true,"href":"https:\/\/quiz.potegasnu.pl\/blog\/wp-json\/wp\/v2\/comments?post=15"}],"version-history":[{"count":1,"href":"https:\/\/quiz.potegasnu.pl\/blog\/wp-json\/wp\/v2\/pages\/15\/revisions"}],"predecessor-version":[{"id":16,"href":"https:\/\/quiz.potegasnu.pl\/blog\/wp-json\/wp\/v2\/pages\/15\/revisions\/16"}],"wp:attachment":[{"href":"https:\/\/quiz.potegasnu.pl\/blog\/wp-json\/wp\/v2\/media?parent=15"}],"curies":[{"name":"wp","href":"https:\/\/api.w.org\/{rel}","templated":true}]}}